{"id":1448,"date":"2022-08-08T14:42:28","date_gmt":"2022-08-08T14:42:28","guid":{"rendered":"https:\/\/city-hotel.picassomedia.de\/?page_id=1448"},"modified":"2022-09-05T15:36:05","modified_gmt":"2022-09-05T15:36:05","slug":"imprint","status":"publish","type":"page","link":"https:\/\/city-hotel-bremerhaven.de\/en\/imprint\/","title":{"rendered":"Imprint"},"content":{"rendered":"\t\t<div data-elementor-type=\"wp-page\" data-elementor-id=\"1448\" class=\"elementor elementor-1448 elementor-164\" data-elementor-post-type=\"page\">\n\t\t\t\t\t\t<section class=\"elementor-section elementor-top-section elementor-element elementor-element-9a55890 elementor-section-full_width elementor-section-height-default elementor-section-height-default\" data-id=\"9a55890\" data-element_type=\"section\">\n\t\t\t\t\t\t<div class=\"elementor-container elementor-column-gap-no\">\n\t\t\t\t\t<div class=\"elementor-column elementor-col-100 elementor-top-column elementor-element elementor-element-9cd1d44\" data-id=\"9cd1d44\" data-element_type=\"column\">\n\t\t\t<div class=\"elementor-widget-wrap elementor-element-populated\">\n\t\t\t\t\t\t<div class=\"elementor-element elementor-element-81cbb5b elementor-widget elementor-widget-template\" data-id=\"81cbb5b\" data-element_type=\"widget\" data-widget_type=\"template.default\">\n\t\t\t\t<div class=\"elementor-widget-container\">\n\t\t\t\t\t\t\t<div class=\"elementor-template\">\n\t\t\t\t\t<div data-elementor-type=\"section\" data-elementor-id=\"466\" class=\"elementor elementor-466\" data-elementor-post-type=\"elementor_library\">\n\t\t\t\t\t<section class=\"elementor-section elementor-top-section elementor-element elementor-element-55f7dc4 elementor-section-full_width elementor-section-height-min-height elementor-section-height-default elementor-section-items-middle\" data-id=\"55f7dc4\" data-element_type=\"section\" data-settings=\"{&quot;background_background&quot;:&quot;classic&quot;}\">\n\t\t\t\t\t\t\t<div class=\"elementor-background-overlay\"><\/div>\n\t\t\t\t\t\t\t<div class=\"elementor-container elementor-column-gap-no\">\n\t\t\t\t\t<div class=\"elementor-column elementor-col-100 elementor-top-column elementor-element elementor-element-70c2dfe3\" data-id=\"70c2dfe3\" data-element_type=\"column\">\n\t\t\t<div class=\"elementor-widget-wrap elementor-element-populated\">\n\t\t\t\t\t\t<div class=\"elementor-element elementor-element-43e8b0bb elementor-widget elementor-widget-heading\" data-id=\"43e8b0bb\" data-element_type=\"widget\" data-widget_type=\"heading.default\">\n\t\t\t\t<div class=\"elementor-widget-container\">\n\t\t\t\t\t<h1 class=\"elementor-heading-title elementor-size-default\">Imprint<\/h1>\t\t\t\t<\/div>\n\t\t\t\t<\/div>\n\t\t\t\t\t<\/div>\n\t\t<\/div>\n\t\t\t\t\t<\/div>\n\t\t<\/section>\n\t\t\t\t<\/div>\n\t\t\t\t<\/div>\n\t\t\t\t\t\t<\/div>\n\t\t\t\t<\/div>\n\t\t\t\t\t<\/div>\n\t\t<\/div>\n\t\t\t\t\t<\/div>\n\t\t<\/section>\n\t\t\t\t<section class=\"elementor-section elementor-top-section elementor-element elementor-element-d197f7b elementor-section-boxed elementor-section-height-default elementor-section-height-default\" data-id=\"d197f7b\" data-element_type=\"section\">\n\t\t\t\t\t\t<div class=\"elementor-container elementor-column-gap-default\">\n\t\t\t\t\t<div class=\"elementor-column elementor-col-100 elementor-top-column elementor-element elementor-element-603690d\" data-id=\"603690d\" data-element_type=\"column\">\n\t\t\t<div class=\"elementor-widget-wrap elementor-element-populated\">\n\t\t\t\t\t\t<div class=\"elementor-element elementor-element-d54f178 elementor-widget elementor-widget-heading\" data-id=\"d54f178\" data-element_type=\"widget\" data-widget_type=\"heading.default\">\n\t\t\t\t<div class=\"elementor-widget-container\">\n\t\t\t\t\t<h2 class=\"elementor-heading-title elementor-size-default\">City Hotel Bremerhaven Mich\u00e8l Schulz e.K.\n<\/h2>\t\t\t\t<\/div>\n\t\t\t\t<\/div>\n\t\t\t\t\t<\/div>\n\t\t<\/div>\n\t\t\t\t\t<\/div>\n\t\t<\/section>\n\t\t\t\t<section class=\"elementor-section elementor-top-section elementor-element elementor-element-51117f7 elementor-section-boxed elementor-section-height-default elementor-section-height-default\" data-id=\"51117f7\" data-element_type=\"section\">\n\t\t\t\t\t\t<div class=\"elementor-container elementor-column-gap-wider\">\n\t\t\t\t\t<div class=\"elementor-column elementor-col-50 elementor-top-column elementor-element elementor-element-ecacc6b\" data-id=\"ecacc6b\" data-element_type=\"column\">\n\t\t\t<div class=\"elementor-widget-wrap elementor-element-populated\">\n\t\t\t\t\t\t<div class=\"elementor-element elementor-element-e916ae7 elementor-widget elementor-widget-text-editor\" data-id=\"e916ae7\" data-element_type=\"widget\" data-widget_type=\"text-editor.default\">\n\t\t\t\t<div class=\"elementor-widget-container\">\n\t\t\t\t\t\t\t\t\t<p>Inhaber: Mich\u00e8l Schulz<br \/>Schillerstra\u00dfe 8<br \/>27570 Bremerhaven<\/p><p>Tel.: +49 (0)471 \u2013 92 46 70<br \/>Fax: +49 (0)471 \u2013 92 46 74 0<\/p><p>info@city-hotel-bremerhaven.de<br \/>www.city-hotel-bremerhaven.de<\/p><p>Registergericht: Amtsgericht Bremen<br \/>Handelsregister-Nr.: HRA 26976 HB<br \/>Umsatzsteuer-Identifikationsnummer gem. \u00a7 27a UStG: DE 277076810<\/p><p>Inhaltlich Verantwortlicher gem\u00e4\u00df \u00a7 55 Abs. 2 RStV: Mich\u00e8l Schulz<br \/>(Anschrift wie oben)<\/p><p>Online Streitbeilegung gem\u00e4\u00df Art. 14 Abs. 1 ODR-VO:<br \/>Die europ\u00e4ische Kommission stellt eine Plattform zur Online-Streitbeilegung (OS) bereit, die Sie unter ec.europa.eu\/consumers\/odr\/ finden.<\/p>\t\t\t\t\t\t\t\t<\/div>\n\t\t\t\t<\/div>\n\t\t\t\t\t<\/div>\n\t\t<\/div>\n\t\t\t\t<div class=\"elementor-column elementor-col-50 elementor-top-column elementor-element elementor-element-978ed46\" data-id=\"978ed46\" data-element_type=\"column\">\n\t\t\t<div class=\"elementor-widget-wrap elementor-element-populated\">\n\t\t\t\t\t\t<div class=\"elementor-element elementor-element-8f11d85 elementor-widget elementor-widget-text-editor\" data-id=\"8f11d85\" data-element_type=\"widget\" data-widget_type=\"text-editor.default\">\n\t\t\t\t<div class=\"elementor-widget-container\">\n\t\t\t\t\t\t\t\t\tFotolia Angaben\t\t\t\t\t\t\t\t<\/div>\n\t\t\t\t<\/div>\n\t\t\t\t<div class=\"elementor-element elementor-element-e525689 elementor-widget elementor-widget-text-editor\" data-id=\"e525689\" data-element_type=\"widget\" data-widget_type=\"text-editor.default\">\n\t\t\t\t<div class=\"elementor-widget-container\">\n\t\t\t\t\t\t\t\t\t<p>89281586 | Gabriele Rohde \u2013 Fotolia.com<br \/>98663369 | Blickfang \u2013 Fotolia.com<\/p>\t\t\t\t\t\t\t\t<\/div>\n\t\t\t\t<\/div>\n\t\t\t\t<div class=\"elementor-element elementor-element-a1d1f10 elementor-widget elementor-widget-text-editor\" data-id=\"a1d1f10\" data-element_type=\"widget\" data-widget_type=\"text-editor.default\">\n\t\t\t\t<div class=\"elementor-widget-container\">\n\t\t\t\t\t\t\t\t\tFotolia Angaben\t\t\t\t\t\t\t\t<\/div>\n\t\t\t\t<\/div>\n\t\t\t\t<div class=\"elementor-element elementor-element-ef5e004 elementor-widget elementor-widget-text-editor\" data-id=\"ef5e004\" data-element_type=\"widget\" data-widget_type=\"text-editor.default\">\n\t\t\t\t<div class=\"elementor-widget-container\">\n\t\t\t\t\t\t\t\t\t<p><a class=\"alignnone\" href=\"http:\/\/www.picassomedia.de\/\" target=\"_blank\" rel=\"attachment noopener wp-att-317\"><img decoding=\"async\" class=\"alignnone wp-image-317 size-full\" src=\"https:\/\/city-hotel-bremerhaven.de\/wp-content\/uploads\/pm_logo.png\" alt=\"pm_logo\" width=\"34\" height=\"16\" \/><\/a><\/p>\t\t\t\t\t\t\t\t<\/div>\n\t\t\t\t<\/div>\n\t\t\t\t\t<\/div>\n\t\t<\/div>\n\t\t\t\t\t<\/div>\n\t\t<\/section>\n\t\t\t\t<\/div>\n\t\t","protected":false},"excerpt":{"rendered":"<p>City Hotel Bremerhaven Mich\u00e8l Schulz e.K. Inhaber: Mich\u00e8l SchulzSchillerstra\u00dfe 827570 Bremerhaven Tel.: +49 (0)471 \u2013 92 46 70Fax: +49 (0)471 \u2013 92 46 74 0 info@city-hotel-bremerhaven.dewww.city-hotel-bremerhaven.de Registergericht: Amtsgericht BremenHandelsregister-Nr.: HRA 26976 HBUmsatzsteuer-Identifikationsnummer gem. \u00a7 27a UStG: DE 277076810 Inhaltlich Verantwortlicher gem\u00e4\u00df \u00a7 55 Abs. 2 RStV: Mich\u00e8l Schulz(Anschrift wie oben) Online Streitbeilegung gem\u00e4\u00df Art. 14 [&hellip;]<\/p>\n","protected":false},"author":1,"featured_media":1878,"parent":0,"menu_order":0,"comment_status":"closed","ping_status":"closed","template":"elementor_header_footer","meta":{"_acf_changed":false,"footnotes":""},"class_list":["post-1448","page","type-page","status-publish","has-post-thumbnail","hentry"],"acf":[],"yoast_head":"<!-- This site is optimized with the Yoast SEO plugin v27.3 - https:\/\/yoast.com\/product\/yoast-seo-wordpress\/ -->\n<title>Imprint - City hotel bremerheaven<\/title>\n<meta name=\"robots\" content=\"index, follow, max-snippet:-1, max-image-preview:large, max-video-preview:-1\" \/>\n<link rel=\"canonical\" href=\"https:\/\/city-hotel-bremerhaven.de\/en\/imprint\/\" \/>\n<meta property=\"og:locale\" content=\"en_US\" \/>\n<meta property=\"og:type\" content=\"article\" \/>\n<meta property=\"og:title\" content=\"Imprint - City hotel bremerheaven\" \/>\n<meta property=\"og:description\" content=\"City Hotel Bremerhaven Mich\u00e8l Schulz e.K. Inhaber: Mich\u00e8l SchulzSchillerstra\u00dfe 827570 Bremerhaven Tel.: +49 (0)471 \u2013 92 46 70Fax: +49 (0)471 \u2013 92 46 74 0 info@city-hotel-bremerhaven.dewww.city-hotel-bremerhaven.de Registergericht: Amtsgericht BremenHandelsregister-Nr.: HRA 26976 HBUmsatzsteuer-Identifikationsnummer gem. \u00a7 27a UStG: DE 277076810 Inhaltlich Verantwortlicher gem\u00e4\u00df \u00a7 55 Abs. 2 RStV: Mich\u00e8l Schulz(Anschrift wie oben) Online Streitbeilegung gem\u00e4\u00df Art. 14 [&hellip;]\" \/>\n<meta property=\"og:url\" content=\"https:\/\/city-hotel-bremerhaven.de\/en\/imprint\/\" \/>\n<meta property=\"og:site_name\" content=\"City hotel bremerheaven\" \/>\n<meta property=\"article:modified_time\" content=\"2022-09-05T15:36:05+00:00\" \/>\n<meta property=\"og:image\" content=\"https:\/\/city-hotel-bremerhaven.de\/wp-content\/uploads\/2023\/01\/mockup_cityhotel_2.jpg\" \/>\n\t<meta property=\"og:image:width\" content=\"1200\" \/>\n\t<meta property=\"og:image:height\" content=\"800\" \/>\n\t<meta property=\"og:image:type\" content=\"image\/jpeg\" \/>\n<meta name=\"twitter:card\" content=\"summary_large_image\" \/>\n<script type=\"application\/ld+json\" class=\"yoast-schema-graph\">{\"@context\":\"https:\\\/\\\/schema.org\",\"@graph\":[{\"@type\":\"WebPage\",\"@id\":\"https:\\\/\\\/city-hotel-bremerhaven.de\\\/en\\\/imprint\\\/\",\"url\":\"https:\\\/\\\/city-hotel-bremerhaven.de\\\/en\\\/imprint\\\/\",\"name\":\"Imprint - City hotel bremerheaven\",\"isPartOf\":{\"@id\":\"https:\\\/\\\/city-hotel-bremerhaven.de\\\/#website\"},\"primaryImageOfPage\":{\"@id\":\"https:\\\/\\\/city-hotel-bremerhaven.de\\\/en\\\/imprint\\\/#primaryimage\"},\"image\":{\"@id\":\"https:\\\/\\\/city-hotel-bremerhaven.de\\\/en\\\/imprint\\\/#primaryimage\"},\"thumbnailUrl\":\"https:\\\/\\\/city-hotel-bremerhaven.de\\\/wp-content\\\/uploads\\\/2023\\\/01\\\/mockup_cityhotel_2.jpg\",\"datePublished\":\"2022-08-08T14:42:28+00:00\",\"dateModified\":\"2022-09-05T15:36:05+00:00\",\"breadcrumb\":{\"@id\":\"https:\\\/\\\/city-hotel-bremerhaven.de\\\/en\\\/imprint\\\/#breadcrumb\"},\"inLanguage\":\"en-US\",\"potentialAction\":[{\"@type\":\"ReadAction\",\"target\":[\"https:\\\/\\\/city-hotel-bremerhaven.de\\\/en\\\/imprint\\\/\"]}]},{\"@type\":\"ImageObject\",\"inLanguage\":\"en-US\",\"@id\":\"https:\\\/\\\/city-hotel-bremerhaven.de\\\/en\\\/imprint\\\/#primaryimage\",\"url\":\"https:\\\/\\\/city-hotel-bremerhaven.de\\\/wp-content\\\/uploads\\\/2023\\\/01\\\/mockup_cityhotel_2.jpg\",\"contentUrl\":\"https:\\\/\\\/city-hotel-bremerhaven.de\\\/wp-content\\\/uploads\\\/2023\\\/01\\\/mockup_cityhotel_2.jpg\",\"width\":1200,\"height\":800},{\"@type\":\"BreadcrumbList\",\"@id\":\"https:\\\/\\\/city-hotel-bremerhaven.de\\\/en\\\/imprint\\\/#breadcrumb\",\"itemListElement\":[{\"@type\":\"ListItem\",\"position\":1,\"name\":\"Startseite\",\"item\":\"https:\\\/\\\/city-hotel-bremerhaven.de\\\/\"},{\"@type\":\"ListItem\",\"position\":2,\"name\":\"Imprint\"}]},{\"@type\":\"WebSite\",\"@id\":\"https:\\\/\\\/city-hotel-bremerhaven.de\\\/#website\",\"url\":\"https:\\\/\\\/city-hotel-bremerhaven.de\\\/\",\"name\":\"City hotel bremerheaven\",\"description\":\"\",\"potentialAction\":[{\"@type\":\"SearchAction\",\"target\":{\"@type\":\"EntryPoint\",\"urlTemplate\":\"https:\\\/\\\/city-hotel-bremerhaven.de\\\/?s={search_term_string}\"},\"query-input\":{\"@type\":\"PropertyValueSpecification\",\"valueRequired\":true,\"valueName\":\"search_term_string\"}}],\"inLanguage\":\"en-US\"}]}<\/script>\n<!-- \/ Yoast SEO plugin. -->","yoast_head_json":{"title":"Imprint - City hotel bremerheaven","robots":{"index":"index","follow":"follow","max-snippet":"max-snippet:-1","max-image-preview":"max-image-preview:large","max-video-preview":"max-video-preview:-1"},"canonical":"https:\/\/city-hotel-bremerhaven.de\/en\/imprint\/","og_locale":"en_US","og_type":"article","og_title":"Imprint - City hotel bremerheaven","og_description":"City Hotel Bremerhaven Mich\u00e8l Schulz e.K. Inhaber: Mich\u00e8l SchulzSchillerstra\u00dfe 827570 Bremerhaven Tel.: +49 (0)471 \u2013 92 46 70Fax: +49 (0)471 \u2013 92 46 74 0 info@city-hotel-bremerhaven.dewww.city-hotel-bremerhaven.de Registergericht: Amtsgericht BremenHandelsregister-Nr.: HRA 26976 HBUmsatzsteuer-Identifikationsnummer gem. \u00a7 27a UStG: DE 277076810 Inhaltlich Verantwortlicher gem\u00e4\u00df \u00a7 55 Abs. 2 RStV: Mich\u00e8l Schulz(Anschrift wie oben) Online Streitbeilegung gem\u00e4\u00df Art. 14 [&hellip;]","og_url":"https:\/\/city-hotel-bremerhaven.de\/en\/imprint\/","og_site_name":"City hotel bremerheaven","article_modified_time":"2022-09-05T15:36:05+00:00","og_image":[{"width":1200,"height":800,"url":"https:\/\/city-hotel-bremerhaven.de\/wp-content\/uploads\/2023\/01\/mockup_cityhotel_2.jpg","type":"image\/jpeg"}],"twitter_card":"summary_large_image","schema":{"@context":"https:\/\/schema.org","@graph":[{"@type":"WebPage","@id":"https:\/\/city-hotel-bremerhaven.de\/en\/imprint\/","url":"https:\/\/city-hotel-bremerhaven.de\/en\/imprint\/","name":"Imprint - City hotel bremerheaven","isPartOf":{"@id":"https:\/\/city-hotel-bremerhaven.de\/#website"},"primaryImageOfPage":{"@id":"https:\/\/city-hotel-bremerhaven.de\/en\/imprint\/#primaryimage"},"image":{"@id":"https:\/\/city-hotel-bremerhaven.de\/en\/imprint\/#primaryimage"},"thumbnailUrl":"https:\/\/city-hotel-bremerhaven.de\/wp-content\/uploads\/2023\/01\/mockup_cityhotel_2.jpg","datePublished":"2022-08-08T14:42:28+00:00","dateModified":"2022-09-05T15:36:05+00:00","breadcrumb":{"@id":"https:\/\/city-hotel-bremerhaven.de\/en\/imprint\/#breadcrumb"},"inLanguage":"en-US","potentialAction":[{"@type":"ReadAction","target":["https:\/\/city-hotel-bremerhaven.de\/en\/imprint\/"]}]},{"@type":"ImageObject","inLanguage":"en-US","@id":"https:\/\/city-hotel-bremerhaven.de\/en\/imprint\/#primaryimage","url":"https:\/\/city-hotel-bremerhaven.de\/wp-content\/uploads\/2023\/01\/mockup_cityhotel_2.jpg","contentUrl":"https:\/\/city-hotel-bremerhaven.de\/wp-content\/uploads\/2023\/01\/mockup_cityhotel_2.jpg","width":1200,"height":800},{"@type":"BreadcrumbList","@id":"https:\/\/city-hotel-bremerhaven.de\/en\/imprint\/#breadcrumb","itemListElement":[{"@type":"ListItem","position":1,"name":"Startseite","item":"https:\/\/city-hotel-bremerhaven.de\/"},{"@type":"ListItem","position":2,"name":"Imprint"}]},{"@type":"WebSite","@id":"https:\/\/city-hotel-bremerhaven.de\/#website","url":"https:\/\/city-hotel-bremerhaven.de\/","name":"City hotel bremerheaven","description":"","potentialAction":[{"@type":"SearchAction","target":{"@type":"EntryPoint","urlTemplate":"https:\/\/city-hotel-bremerhaven.de\/?s={search_term_string}"},"query-input":{"@type":"PropertyValueSpecification","valueRequired":true,"valueName":"search_term_string"}}],"inLanguage":"en-US"}]}},"_links":{"self":[{"href":"https:\/\/city-hotel-bremerhaven.de\/en\/wp-json\/wp\/v2\/pages\/1448","targetHints":{"allow":["GET"]}}],"collection":[{"href":"https:\/\/city-hotel-bremerhaven.de\/en\/wp-json\/wp\/v2\/pages"}],"about":[{"href":"https:\/\/city-hotel-bremerhaven.de\/en\/wp-json\/wp\/v2\/types\/page"}],"author":[{"embeddable":true,"href":"https:\/\/city-hotel-bremerhaven.de\/en\/wp-json\/wp\/v2\/users\/1"}],"replies":[{"embeddable":true,"href":"https:\/\/city-hotel-bremerhaven.de\/en\/wp-json\/wp\/v2\/comments?post=1448"}],"version-history":[{"count":7,"href":"https:\/\/city-hotel-bremerhaven.de\/en\/wp-json\/wp\/v2\/pages\/1448\/revisions"}],"predecessor-version":[{"id":1532,"href":"https:\/\/city-hotel-bremerhaven.de\/en\/wp-json\/wp\/v2\/pages\/1448\/revisions\/1532"}],"wp:featuredmedia":[{"embeddable":true,"href":"https:\/\/city-hotel-bremerhaven.de\/en\/wp-json\/wp\/v2\/media\/1878"}],"wp:attachment":[{"href":"https:\/\/city-hotel-bremerhaven.de\/en\/wp-json\/wp\/v2\/media?parent=1448"}],"curies":[{"name":"wp","href":"https:\/\/api.w.org\/{rel}","templated":true}]}}